{"id":7,"date":"2024-12-13T22:02:42","date_gmt":"2024-12-13T22:02:42","guid":{"rendered":"https:\/\/alanavelar.com\/?page_id=7"},"modified":"2025-06-26T23:59:58","modified_gmt":"2025-06-27T02:59:58","slug":"about","status":"publish","type":"page","link":"https:\/\/alanavelar.com\/en\/about\/","title":{"rendered":"ABOUT ME"},"content":{"rendered":"<p>Hi, I&#039;m <strong>Alan<\/strong>.<\/p>\n\n\n\n<p>Father of <strong>Lu\u00edsa<\/strong>, husband of <strong>Marina <\/strong>and an excellent professional and enthusiast of <strong>data world<\/strong>. In my spare time (which has been few lately \ud83e\udd72), I&#039;m a reasonable player of <strong>PS5 <\/strong>and a die-hard fan of <strong>Kendrick Lamar<\/strong>.<\/p>\n\n\n\n<p>I have been working in the data market for over <strong>7 years<\/strong>, I have worked on several projects, from developing <strong>ad-hoc analysis<\/strong>, creation of <strong>dashboards<\/strong>, <strong>data routine automations <\/strong>and the main one, in which <strong>I am an expert<\/strong>, which is in the modeling of <strong>data warehouses and data lakes<\/strong>.<\/p>\n\n\n\n<div class=\"wp-block-group has-global-padding is-layout-constrained wp-block-group-is-layout-constrained\">\n<p>I am <strong>Graduated in Internet Systems<\/strong> and <strong>MBA in Business Intelligence<\/strong>, both by <strong>Unicesumar\/PR<\/strong>. I'm also <strong>Green Belt (Lean Six Sigma)<\/strong> by <strong>RL Associates<\/strong> and I have <strong>Advanced English (B2\/C1)<\/strong>.<\/p>\n<\/div>\n\n\n\n<p>I've worked in companies of <strong>different sizes and segments<\/strong>, including large national companies, such as <strong>americanas <\/strong>and <strong>Unicesumar<\/strong>, currently part of the group <strong>Vitru Education<\/strong>, in addition to renowned multinationals, such as <strong>AstraZeneca<\/strong>.<\/p>\n\n\n\n<hr class=\"wp-block-separator has-alpha-channel-opacity is-style-dots\"\/>\n\n\n\n<p><strong>Welcome<\/strong> to my <strong>personal website<\/strong>! I hope that the content presented here can <strong>enrich your knowledge and inspire new ideas<\/strong>.<\/p>\n\n\n\n<p><\/p>","protected":false},"excerpt":{"rendered":"<p>Hi, I&#039;m Alan. Father of Lu\u00edsa, husband of Marina, and an accomplished data professional\/enthusiast. In my spare time (which has been scarce lately \ud83e\udd72), I&#039;m a decent PS5 player and a die-hard Kendrick Lamar fan. I&#039;ve been working in the data market for over 7 years and have worked in several [\u2026]<\/p>","protected":false},"author":1,"featured_media":20,"parent":0,"menu_order":0,"comment_status":"closed","ping_status":"closed","template":"","meta":{"footnotes":""},"class_list":["post-7","page","type-page","status-publish","has-post-thumbnail","hentry"],"yoast_head":"<!-- This site is optimized with the Yoast SEO plugin v24.1 - https:\/\/yoast.com\/wordpress\/plugins\/seo\/ -->\n<title>SOBRE MIM - Alan Avelar<\/title>\n<meta name=\"robots\" content=\"index, follow, max-snippet:-1, max-image-preview:large, max-video-preview:-1\" \/>\n<link rel=\"canonical\" href=\"https:\/\/alanavelar.com\/en\/about\/\" \/>\n<meta property=\"og:locale\" content=\"en_US\" \/>\n<meta property=\"og:type\" content=\"article\" \/>\n<meta property=\"og:title\" content=\"SOBRE MIM - Alan Avelar\" \/>\n<meta property=\"og:description\" content=\"Oi, sou o Alan. Pai da Lu\u00edsa, marido da Marina e um ex\u00edmio profissional\/entusiasta do mundo de dados. Nas horas vagas (que ultimamente t\u00eam sido poucas \ud83e\udd72), sou um jogador razo\u00e1vel de PS5 e um f\u00e3 de carteirinha de Kendrick Lamar. Atuo no mercado de dados h\u00e1 mais de 7 anos, j\u00e1 trabalhei em diversos [&hellip;]\" \/>\n<meta property=\"og:url\" content=\"https:\/\/alanavelar.com\/en\/about\/\" \/>\n<meta property=\"og:site_name\" content=\"Alan Avelar\" \/>\n<meta property=\"article:modified_time\" content=\"2025-06-27T02:59:58+00:00\" \/>\n<meta property=\"og:image\" content=\"https:\/\/alanavelar.com\/wp-content\/uploads\/2024\/12\/WhatsApp-Image-2024-12-19-at-21.16.44_a5543415-e1734653954200.jpg\" \/>\n\t<meta property=\"og:image:width\" content=\"1200\" \/>\n\t<meta property=\"og:image:height\" content=\"900\" \/>\n\t<meta property=\"og:image:type\" content=\"image\/jpeg\" \/>\n<meta name=\"twitter:card\" content=\"summary_large_image\" \/>\n<meta name=\"twitter:label1\" content=\"Est. reading time\" \/>\n\t<meta name=\"twitter:data1\" content=\"2 minutes\" \/>\n<script type=\"application\/ld+json\" class=\"yoast-schema-graph\">{\"@context\":\"https:\/\/schema.org\",\"@graph\":[{\"@type\":\"WebPage\",\"@id\":\"https:\/\/alanavelar.com\/about\/\",\"url\":\"https:\/\/alanavelar.com\/about\/\",\"name\":\"SOBRE MIM - Alan Avelar\",\"isPartOf\":{\"@id\":\"https:\/\/alanavelar.com\/#website\"},\"primaryImageOfPage\":{\"@id\":\"https:\/\/alanavelar.com\/about\/#primaryimage\"},\"image\":{\"@id\":\"https:\/\/alanavelar.com\/about\/#primaryimage\"},\"thumbnailUrl\":\"https:\/\/alanavelar.com\/wp-content\/uploads\/2024\/12\/WhatsApp-Image-2024-12-19-at-21.16.44_a5543415-e1734653954200.jpg\",\"datePublished\":\"2024-12-13T22:02:42+00:00\",\"dateModified\":\"2025-06-27T02:59:58+00:00\",\"breadcrumb\":{\"@id\":\"https:\/\/alanavelar.com\/about\/#breadcrumb\"},\"inLanguage\":\"en-US\",\"potentialAction\":[{\"@type\":\"ReadAction\",\"target\":[\"https:\/\/alanavelar.com\/about\/\"]}]},{\"@type\":\"ImageObject\",\"inLanguage\":\"en-US\",\"@id\":\"https:\/\/alanavelar.com\/about\/#primaryimage\",\"url\":\"https:\/\/alanavelar.com\/wp-content\/uploads\/2024\/12\/WhatsApp-Image-2024-12-19-at-21.16.44_a5543415-e1734653954200.jpg\",\"contentUrl\":\"https:\/\/alanavelar.com\/wp-content\/uploads\/2024\/12\/WhatsApp-Image-2024-12-19-at-21.16.44_a5543415-e1734653954200.jpg\",\"width\":1200,\"height\":900},{\"@type\":\"BreadcrumbList\",\"@id\":\"https:\/\/alanavelar.com\/about\/#breadcrumb\",\"itemListElement\":[{\"@type\":\"ListItem\",\"position\":1,\"name\":\"In\u00edcio\",\"item\":\"https:\/\/alanavelar.com\/\"},{\"@type\":\"ListItem\",\"position\":2,\"name\":\"SOBRE MIM\"}]},{\"@type\":\"WebSite\",\"@id\":\"https:\/\/alanavelar.com\/#website\",\"url\":\"https:\/\/alanavelar.com\/\",\"name\":\"Alan Avelar\",\"description\":\"Contribuindo para um mundo com melhores decis\u00f5es.\",\"publisher\":{\"@id\":\"https:\/\/alanavelar.com\/#\/schema\/person\/95f41e6038e1a98ea3c5737e5dae495e\"},\"potentialAction\":[{\"@type\":\"SearchAction\",\"target\":{\"@type\":\"EntryPoint\",\"urlTemplate\":\"https:\/\/alanavelar.com\/?s={search_term_string}\"},\"query-input\":{\"@type\":\"PropertyValueSpecification\",\"valueRequired\":true,\"valueName\":\"search_term_string\"}}],\"inLanguage\":\"en-US\"},{\"@type\":[\"Person\",\"Organization\"],\"@id\":\"https:\/\/alanavelar.com\/#\/schema\/person\/95f41e6038e1a98ea3c5737e5dae495e\",\"name\":\"Alan Avelar\",\"image\":{\"@type\":\"ImageObject\",\"inLanguage\":\"en-US\",\"@id\":\"https:\/\/alanavelar.com\/#\/schema\/person\/image\/\",\"url\":\"https:\/\/alanavelar.com\/wp-content\/uploads\/2024\/12\/cropped-Untitled.png\",\"contentUrl\":\"https:\/\/alanavelar.com\/wp-content\/uploads\/2024\/12\/cropped-Untitled.png\",\"width\":512,\"height\":512,\"caption\":\"Alan Avelar\"},\"logo\":{\"@id\":\"https:\/\/alanavelar.com\/#\/schema\/person\/image\/\"},\"sameAs\":[\"https:\/\/alanavelar.com\",\"instagram.com\/tameimpalan\",\"linkedin.com\/in\/alan-avelar\"]}]}<\/script>\n<!-- \/ Yoast SEO plugin. -->","yoast_head_json":{"title":"SOBRE MIM - Alan Avelar","robots":{"index":"index","follow":"follow","max-snippet":"max-snippet:-1","max-image-preview":"max-image-preview:large","max-video-preview":"max-video-preview:-1"},"canonical":"https:\/\/alanavelar.com\/en\/about\/","og_locale":"en_US","og_type":"article","og_title":"SOBRE MIM - Alan Avelar","og_description":"Oi, sou o Alan. Pai da Lu\u00edsa, marido da Marina e um ex\u00edmio profissional\/entusiasta do mundo de dados. Nas horas vagas (que ultimamente t\u00eam sido poucas \ud83e\udd72), sou um jogador razo\u00e1vel de PS5 e um f\u00e3 de carteirinha de Kendrick Lamar. Atuo no mercado de dados h\u00e1 mais de 7 anos, j\u00e1 trabalhei em diversos [&hellip;]","og_url":"https:\/\/alanavelar.com\/en\/about\/","og_site_name":"Alan Avelar","article_modified_time":"2025-06-27T02:59:58+00:00","og_image":[{"width":1200,"height":900,"url":"https:\/\/alanavelar.com\/wp-content\/uploads\/2024\/12\/WhatsApp-Image-2024-12-19-at-21.16.44_a5543415-e1734653954200.jpg","type":"image\/jpeg"}],"twitter_card":"summary_large_image","twitter_misc":{"Est. reading time":"2 minutes"},"schema":{"@context":"https:\/\/schema.org","@graph":[{"@type":"WebPage","@id":"https:\/\/alanavelar.com\/about\/","url":"https:\/\/alanavelar.com\/about\/","name":"SOBRE MIM - Alan Avelar","isPartOf":{"@id":"https:\/\/alanavelar.com\/#website"},"primaryImageOfPage":{"@id":"https:\/\/alanavelar.com\/about\/#primaryimage"},"image":{"@id":"https:\/\/alanavelar.com\/about\/#primaryimage"},"thumbnailUrl":"https:\/\/alanavelar.com\/wp-content\/uploads\/2024\/12\/WhatsApp-Image-2024-12-19-at-21.16.44_a5543415-e1734653954200.jpg","datePublished":"2024-12-13T22:02:42+00:00","dateModified":"2025-06-27T02:59:58+00:00","breadcrumb":{"@id":"https:\/\/alanavelar.com\/about\/#breadcrumb"},"inLanguage":"en-US","potentialAction":[{"@type":"ReadAction","target":["https:\/\/alanavelar.com\/about\/"]}]},{"@type":"ImageObject","inLanguage":"en-US","@id":"https:\/\/alanavelar.com\/about\/#primaryimage","url":"https:\/\/alanavelar.com\/wp-content\/uploads\/2024\/12\/WhatsApp-Image-2024-12-19-at-21.16.44_a5543415-e1734653954200.jpg","contentUrl":"https:\/\/alanavelar.com\/wp-content\/uploads\/2024\/12\/WhatsApp-Image-2024-12-19-at-21.16.44_a5543415-e1734653954200.jpg","width":1200,"height":900},{"@type":"BreadcrumbList","@id":"https:\/\/alanavelar.com\/about\/#breadcrumb","itemListElement":[{"@type":"ListItem","position":1,"name":"In\u00edcio","item":"https:\/\/alanavelar.com\/"},{"@type":"ListItem","position":2,"name":"SOBRE MIM"}]},{"@type":"WebSite","@id":"https:\/\/alanavelar.com\/#website","url":"https:\/\/alanavelar.com\/","name":"Alan Avelar","description":"Contribuindo para um mundo com melhores decis\u00f5es.","publisher":{"@id":"https:\/\/alanavelar.com\/#\/schema\/person\/95f41e6038e1a98ea3c5737e5dae495e"},"potentialAction":[{"@type":"SearchAction","target":{"@type":"EntryPoint","urlTemplate":"https:\/\/alanavelar.com\/?s={search_term_string}"},"query-input":{"@type":"PropertyValueSpecification","valueRequired":true,"valueName":"search_term_string"}}],"inLanguage":"en-US"},{"@type":["Person","Organization"],"@id":"https:\/\/alanavelar.com\/#\/schema\/person\/95f41e6038e1a98ea3c5737e5dae495e","name":"Alan Avelar","image":{"@type":"ImageObject","inLanguage":"en-US","@id":"https:\/\/alanavelar.com\/#\/schema\/person\/image\/","url":"https:\/\/alanavelar.com\/wp-content\/uploads\/2024\/12\/cropped-Untitled.png","contentUrl":"https:\/\/alanavelar.com\/wp-content\/uploads\/2024\/12\/cropped-Untitled.png","width":512,"height":512,"caption":"Alan Avelar"},"logo":{"@id":"https:\/\/alanavelar.com\/#\/schema\/person\/image\/"},"sameAs":["https:\/\/alanavelar.com","instagram.com\/tameimpalan","linkedin.com\/in\/alan-avelar"]}]}},"_links":{"self":[{"href":"https:\/\/alanavelar.com\/en\/wp-json\/wp\/v2\/pages\/7","targetHints":{"allow":["GET"]}}],"collection":[{"href":"https:\/\/alanavelar.com\/en\/wp-json\/wp\/v2\/pages"}],"about":[{"href":"https:\/\/alanavelar.com\/en\/wp-json\/wp\/v2\/types\/page"}],"author":[{"embeddable":true,"href":"https:\/\/alanavelar.com\/en\/wp-json\/wp\/v2\/users\/1"}],"replies":[{"embeddable":true,"href":"https:\/\/alanavelar.com\/en\/wp-json\/wp\/v2\/comments?post=7"}],"version-history":[{"count":15,"href":"https:\/\/alanavelar.com\/en\/wp-json\/wp\/v2\/pages\/7\/revisions"}],"predecessor-version":[{"id":111,"href":"https:\/\/alanavelar.com\/en\/wp-json\/wp\/v2\/pages\/7\/revisions\/111"}],"wp:featuredmedia":[{"embeddable":true,"href":"https:\/\/alanavelar.com\/en\/wp-json\/wp\/v2\/media\/20"}],"wp:attachment":[{"href":"https:\/\/alanavelar.com\/en\/wp-json\/wp\/v2\/media?parent=7"}],"curies":[{"name":"wp","href":"https:\/\/api.w.org\/{rel}","templated":true}]}}