{"id":45,"date":"2025-01-13T17:21:56","date_gmt":"2025-01-13T20:21:56","guid":{"rendered":"https:\/\/alanavelar.com\/?page_id=45"},"modified":"2025-01-13T18:20:29","modified_gmt":"2025-01-13T21:20:29","slug":"my-services","status":"publish","type":"page","link":"https:\/\/alanavelar.com\/en\/my-services\/","title":{"rendered":"MY SERVICES"},"content":{"rendered":"<p>Here I will explain how <strong>my services<\/strong> can help <strong>your company <\/strong>transform <strong>data into practical solutions<\/strong> and improve its results and decisions. <\/p>\n\n\n\n<p>Regardless of your company\u2019s level of maturity in data-driven management \u2013 whether at <strong>the beginning of creating a data culture or pursuing advanced analytics <\/strong>\u2013 I have solutions to accelerate your journey and maximize your potential.<\/p>\n\n\n\n<hr class=\"wp-block-separator has-alpha-channel-opacity is-style-dots\"\/>\n\n\n\n<h3 class=\"wp-block-heading\">\ud83c\udf31 <strong>If your company hasn\u2019t yet developed a data culture...<\/strong><\/h3>\n\n\n\n<p>I can help <strong>organize and centralize scattered information<\/strong>, transforming them into a <strong>solid foundation for smarter decisions<\/strong>. The goal is to <strong>to create simple processes, integrate systems and prepare your team<\/strong> for data-driven management.<\/p>\n\n\n\n<p><strong>How can I help you:<\/strong><\/p>\n\n\n\n<ul class=\"wp-block-list\">\n<li><strong>Data mapping and integration:<\/strong> Identify and unify information from sources such as spreadsheets, servers, cloud, databases or APIs, ensuring standardization and consistency.<\/li>\n\n\n\n<li><strong>Tool deployment:<\/strong> Set up basic systems for collecting and visualizing data, such as simple dashboards and automated reports.<\/li>\n\n\n\n<li><strong>Initial training:<\/strong> Train your team to understand and use data efficiently on a daily basis.<\/li>\n<\/ul>\n\n\n\n<hr class=\"wp-block-separator has-alpha-channel-opacity is-style-dots\"\/>\n\n\n\n<h3 class=\"wp-block-heading\"><strong>\ud83d\ude80 If your company is looking to enhance its data structure<\/strong>&#8230;<\/h3>\n\n\n\n<p>I can help<strong> design and implement robust solutions that optimize processes, increase information reliability and open space<\/strong> for more strategic decisions.<\/p>\n\n\n\n<p><strong>How can I help you:<\/strong><\/p>\n\n\n\n<ul class=\"wp-block-list\">\n<li><strong>Data Warehouse (DW) Implementation:<\/strong> Organize and consolidate large volumes of data into a central repository optimized for fast, reliable analysis.<\/li>\n\n\n\n<li><strong>Data Lake (DL) Creation:<\/strong> Set up a flexible environment to store structured and unstructured data, enabling new possibilities for analysis and innovation.<\/li>\n\n\n\n<li><strong>Data environment audit:<\/strong> Evaluate and correct potential failures, optimizing costs and ensuring that your infrastructure is aligned with best practices and prepared for growth.<\/li>\n\n\n\n<li><strong>Custom ETL Solutions:<\/strong> Develop automated workflows to extract, transform and load data, saving time and avoiding manual errors.<\/li>\n<\/ul>\n\n\n\n<hr class=\"wp-block-separator has-alpha-channel-opacity is-style-dots\"\/>\n\n\n\n<h3 class=\"wp-block-heading\"><strong>\ud83d\udca1 If your company seeks excellence in data<\/strong>&#8230;<\/h3>\n\n\n\n<p>I can help <strong>maximize the value of your data, enhancing analysis and operations.<\/strong> The goal is <strong>refine processes, implement innovations and explore new strategic opportunities to drive results.<\/strong><\/p>\n\n\n\n<p><strong>How can I help you:<\/strong><\/p>\n\n\n\n<ul class=\"wp-block-list\">\n<li><strong>Advanced Data Governance:<\/strong> Implement policies to ensure quality, security, and compliance in data usage across the enterprise.<\/li>\n\n\n\n<li><strong>Integration with predictive models:<\/strong> Structure and optimize data flows to feed Machine Learning and Artificial Intelligence algorithms.<\/li>\n\n\n\n<li><strong>Real-time analytics:<\/strong> Configure systems to process and analyze streaming data, enabling instant decisions based on up-to-date information.<\/li>\n\n\n\n<li><strong>Performance audit:<\/strong> Review your current infrastructure to identify bottlenecks and propose solutions that increase efficiency and scalability.<\/li>\n<\/ul>\n\n\n\n<hr class=\"wp-block-separator has-alpha-channel-opacity is-style-dots\"\/>\n\n\n\n<p>Whatever the <strong>stage of your company<\/strong>, I&#039;m ready to help <strong>transform your data into real value<\/strong>. <\/p>\n\n\n\n<p><a href=\"https:\/\/alanavelar.com\/en\/contact-me\/\" data-type=\"page\" data-id=\"49\">Get in touch without any obligations<\/a> and find out how we can <strong>work together to achieve your goals<\/strong> with personalized and efficient solutions.<\/p>","protected":false},"excerpt":{"rendered":"<p>Here I explain how my services can help your company transform data into practical solutions to improve results and decisions. Regardless of your company\u2019s level of maturity in data-driven management \u2013 whether you\u2019re just starting to create a data culture or looking for advanced analytics \u2013 I have solutions for [\u2026]<\/p>","protected":false},"author":1,"featured_media":77,"parent":0,"menu_order":0,"comment_status":"closed","ping_status":"closed","template":"","meta":{"footnotes":""},"class_list":["post-45","page","type-page","status-publish","has-post-thumbnail","hentry"],"yoast_head":"<!-- This site is optimized with the Yoast SEO plugin v24.1 - https:\/\/yoast.com\/wordpress\/plugins\/seo\/ -->\n<title>MEUS SERVI\u00c7OS - Alan Avelar<\/title>\n<meta name=\"robots\" content=\"index, follow, max-snippet:-1, max-image-preview:large, max-video-preview:-1\" \/>\n<link rel=\"canonical\" href=\"https:\/\/alanavelar.com\/en\/my-services\/\" \/>\n<meta property=\"og:locale\" content=\"en_US\" \/>\n<meta property=\"og:type\" content=\"article\" \/>\n<meta property=\"og:title\" content=\"MEUS SERVI\u00c7OS - Alan Avelar\" \/>\n<meta property=\"og:description\" content=\"Aqui te explico como meus servi\u00e7os podem ajudar sua empresa a transformar dados em solu\u00e7\u00f5es pr\u00e1ticas para melhorar resultados e decis\u00f5es. Independente do n\u00edvel de maturidade em gest\u00e3o orientada a dados da sua empresa \u2013 seja no in\u00edcio da cria\u00e7\u00e3o de uma cultura de dados ou na busca por an\u00e1lises avan\u00e7adas \u2013 tenho solu\u00e7\u00f5es para [&hellip;]\" \/>\n<meta property=\"og:url\" content=\"https:\/\/alanavelar.com\/en\/my-services\/\" \/>\n<meta property=\"og:site_name\" content=\"Alan Avelar\" \/>\n<meta property=\"article:modified_time\" content=\"2025-01-13T21:20:29+00:00\" \/>\n<meta property=\"og:image\" content=\"https:\/\/alanavelar.com\/wp-content\/uploads\/2025\/01\/119989-entenda-o-que-e-big-data-analytics-e-como-ele-interage-com-as-empresas.webp\" \/>\n\t<meta property=\"og:image:width\" content=\"1000\" \/>\n\t<meta property=\"og:image:height\" content=\"562\" \/>\n\t<meta property=\"og:image:type\" content=\"image\/webp\" \/>\n<meta name=\"twitter:card\" content=\"summary_large_image\" \/>\n<meta name=\"twitter:label1\" content=\"Est. reading time\" \/>\n\t<meta name=\"twitter:data1\" content=\"3 minutes\" \/>\n<script type=\"application\/ld+json\" class=\"yoast-schema-graph\">{\"@context\":\"https:\/\/schema.org\",\"@graph\":[{\"@type\":\"WebPage\",\"@id\":\"https:\/\/alanavelar.com\/my-services\/\",\"url\":\"https:\/\/alanavelar.com\/my-services\/\",\"name\":\"MEUS SERVI\u00c7OS - Alan Avelar\",\"isPartOf\":{\"@id\":\"https:\/\/alanavelar.com\/#website\"},\"primaryImageOfPage\":{\"@id\":\"https:\/\/alanavelar.com\/my-services\/#primaryimage\"},\"image\":{\"@id\":\"https:\/\/alanavelar.com\/my-services\/#primaryimage\"},\"thumbnailUrl\":\"https:\/\/alanavelar.com\/wp-content\/uploads\/2025\/01\/119989-entenda-o-que-e-big-data-analytics-e-como-ele-interage-com-as-empresas.webp\",\"datePublished\":\"2025-01-13T20:21:56+00:00\",\"dateModified\":\"2025-01-13T21:20:29+00:00\",\"breadcrumb\":{\"@id\":\"https:\/\/alanavelar.com\/my-services\/#breadcrumb\"},\"inLanguage\":\"en-US\",\"potentialAction\":[{\"@type\":\"ReadAction\",\"target\":[\"https:\/\/alanavelar.com\/my-services\/\"]}]},{\"@type\":\"ImageObject\",\"inLanguage\":\"en-US\",\"@id\":\"https:\/\/alanavelar.com\/my-services\/#primaryimage\",\"url\":\"https:\/\/alanavelar.com\/wp-content\/uploads\/2025\/01\/119989-entenda-o-que-e-big-data-analytics-e-como-ele-interage-com-as-empresas.webp\",\"contentUrl\":\"https:\/\/alanavelar.com\/wp-content\/uploads\/2025\/01\/119989-entenda-o-que-e-big-data-analytics-e-como-ele-interage-com-as-empresas.webp\",\"width\":1000,\"height\":562},{\"@type\":\"BreadcrumbList\",\"@id\":\"https:\/\/alanavelar.com\/my-services\/#breadcrumb\",\"itemListElement\":[{\"@type\":\"ListItem\",\"position\":1,\"name\":\"In\u00edcio\",\"item\":\"https:\/\/alanavelar.com\/\"},{\"@type\":\"ListItem\",\"position\":2,\"name\":\"MEUS SERVI\u00c7OS\"}]},{\"@type\":\"WebSite\",\"@id\":\"https:\/\/alanavelar.com\/#website\",\"url\":\"https:\/\/alanavelar.com\/\",\"name\":\"Alan Avelar\",\"description\":\"Contribuindo para um mundo com melhores decis\u00f5es.\",\"publisher\":{\"@id\":\"https:\/\/alanavelar.com\/#\/schema\/person\/95f41e6038e1a98ea3c5737e5dae495e\"},\"potentialAction\":[{\"@type\":\"SearchAction\",\"target\":{\"@type\":\"EntryPoint\",\"urlTemplate\":\"https:\/\/alanavelar.com\/?s={search_term_string}\"},\"query-input\":{\"@type\":\"PropertyValueSpecification\",\"valueRequired\":true,\"valueName\":\"search_term_string\"}}],\"inLanguage\":\"en-US\"},{\"@type\":[\"Person\",\"Organization\"],\"@id\":\"https:\/\/alanavelar.com\/#\/schema\/person\/95f41e6038e1a98ea3c5737e5dae495e\",\"name\":\"Alan Avelar\",\"image\":{\"@type\":\"ImageObject\",\"inLanguage\":\"en-US\",\"@id\":\"https:\/\/alanavelar.com\/#\/schema\/person\/image\/\",\"url\":\"https:\/\/alanavelar.com\/wp-content\/uploads\/2024\/12\/cropped-Untitled.png\",\"contentUrl\":\"https:\/\/alanavelar.com\/wp-content\/uploads\/2024\/12\/cropped-Untitled.png\",\"width\":512,\"height\":512,\"caption\":\"Alan Avelar\"},\"logo\":{\"@id\":\"https:\/\/alanavelar.com\/#\/schema\/person\/image\/\"},\"sameAs\":[\"https:\/\/alanavelar.com\",\"instagram.com\/tameimpalan\",\"linkedin.com\/in\/alan-avelar\"]}]}<\/script>\n<!-- \/ Yoast SEO plugin. -->","yoast_head_json":{"title":"MEUS SERVI\u00c7OS - Alan Avelar","robots":{"index":"index","follow":"follow","max-snippet":"max-snippet:-1","max-image-preview":"max-image-preview:large","max-video-preview":"max-video-preview:-1"},"canonical":"https:\/\/alanavelar.com\/en\/my-services\/","og_locale":"en_US","og_type":"article","og_title":"MEUS SERVI\u00c7OS - Alan Avelar","og_description":"Aqui te explico como meus servi\u00e7os podem ajudar sua empresa a transformar dados em solu\u00e7\u00f5es pr\u00e1ticas para melhorar resultados e decis\u00f5es. Independente do n\u00edvel de maturidade em gest\u00e3o orientada a dados da sua empresa \u2013 seja no in\u00edcio da cria\u00e7\u00e3o de uma cultura de dados ou na busca por an\u00e1lises avan\u00e7adas \u2013 tenho solu\u00e7\u00f5es para [&hellip;]","og_url":"https:\/\/alanavelar.com\/en\/my-services\/","og_site_name":"Alan Avelar","article_modified_time":"2025-01-13T21:20:29+00:00","og_image":[{"width":1000,"height":562,"url":"https:\/\/alanavelar.com\/wp-content\/uploads\/2025\/01\/119989-entenda-o-que-e-big-data-analytics-e-como-ele-interage-com-as-empresas.webp","type":"image\/webp"}],"twitter_card":"summary_large_image","twitter_misc":{"Est. reading time":"3 minutes"},"schema":{"@context":"https:\/\/schema.org","@graph":[{"@type":"WebPage","@id":"https:\/\/alanavelar.com\/my-services\/","url":"https:\/\/alanavelar.com\/my-services\/","name":"MEUS SERVI\u00c7OS - Alan Avelar","isPartOf":{"@id":"https:\/\/alanavelar.com\/#website"},"primaryImageOfPage":{"@id":"https:\/\/alanavelar.com\/my-services\/#primaryimage"},"image":{"@id":"https:\/\/alanavelar.com\/my-services\/#primaryimage"},"thumbnailUrl":"https:\/\/alanavelar.com\/wp-content\/uploads\/2025\/01\/119989-entenda-o-que-e-big-data-analytics-e-como-ele-interage-com-as-empresas.webp","datePublished":"2025-01-13T20:21:56+00:00","dateModified":"2025-01-13T21:20:29+00:00","breadcrumb":{"@id":"https:\/\/alanavelar.com\/my-services\/#breadcrumb"},"inLanguage":"en-US","potentialAction":[{"@type":"ReadAction","target":["https:\/\/alanavelar.com\/my-services\/"]}]},{"@type":"ImageObject","inLanguage":"en-US","@id":"https:\/\/alanavelar.com\/my-services\/#primaryimage","url":"https:\/\/alanavelar.com\/wp-content\/uploads\/2025\/01\/119989-entenda-o-que-e-big-data-analytics-e-como-ele-interage-com-as-empresas.webp","contentUrl":"https:\/\/alanavelar.com\/wp-content\/uploads\/2025\/01\/119989-entenda-o-que-e-big-data-analytics-e-como-ele-interage-com-as-empresas.webp","width":1000,"height":562},{"@type":"BreadcrumbList","@id":"https:\/\/alanavelar.com\/my-services\/#breadcrumb","itemListElement":[{"@type":"ListItem","position":1,"name":"In\u00edcio","item":"https:\/\/alanavelar.com\/"},{"@type":"ListItem","position":2,"name":"MEUS SERVI\u00c7OS"}]},{"@type":"WebSite","@id":"https:\/\/alanavelar.com\/#website","url":"https:\/\/alanavelar.com\/","name":"Alan Avelar","description":"Contribuindo para um mundo com melhores decis\u00f5es.","publisher":{"@id":"https:\/\/alanavelar.com\/#\/schema\/person\/95f41e6038e1a98ea3c5737e5dae495e"},"potentialAction":[{"@type":"SearchAction","target":{"@type":"EntryPoint","urlTemplate":"https:\/\/alanavelar.com\/?s={search_term_string}"},"query-input":{"@type":"PropertyValueSpecification","valueRequired":true,"valueName":"search_term_string"}}],"inLanguage":"en-US"},{"@type":["Person","Organization"],"@id":"https:\/\/alanavelar.com\/#\/schema\/person\/95f41e6038e1a98ea3c5737e5dae495e","name":"Alan Avelar","image":{"@type":"ImageObject","inLanguage":"en-US","@id":"https:\/\/alanavelar.com\/#\/schema\/person\/image\/","url":"https:\/\/alanavelar.com\/wp-content\/uploads\/2024\/12\/cropped-Untitled.png","contentUrl":"https:\/\/alanavelar.com\/wp-content\/uploads\/2024\/12\/cropped-Untitled.png","width":512,"height":512,"caption":"Alan Avelar"},"logo":{"@id":"https:\/\/alanavelar.com\/#\/schema\/person\/image\/"},"sameAs":["https:\/\/alanavelar.com","instagram.com\/tameimpalan","linkedin.com\/in\/alan-avelar"]}]}},"_links":{"self":[{"href":"https:\/\/alanavelar.com\/en\/wp-json\/wp\/v2\/pages\/45","targetHints":{"allow":["GET"]}}],"collection":[{"href":"https:\/\/alanavelar.com\/en\/wp-json\/wp\/v2\/pages"}],"about":[{"href":"https:\/\/alanavelar.com\/en\/wp-json\/wp\/v2\/types\/page"}],"author":[{"embeddable":true,"href":"https:\/\/alanavelar.com\/en\/wp-json\/wp\/v2\/users\/1"}],"replies":[{"embeddable":true,"href":"https:\/\/alanavelar.com\/en\/wp-json\/wp\/v2\/comments?post=45"}],"version-history":[{"count":5,"href":"https:\/\/alanavelar.com\/en\/wp-json\/wp\/v2\/pages\/45\/revisions"}],"predecessor-version":[{"id":81,"href":"https:\/\/alanavelar.com\/en\/wp-json\/wp\/v2\/pages\/45\/revisions\/81"}],"wp:featuredmedia":[{"embeddable":true,"href":"https:\/\/alanavelar.com\/en\/wp-json\/wp\/v2\/media\/77"}],"wp:attachment":[{"href":"https:\/\/alanavelar.com\/en\/wp-json\/wp\/v2\/media?parent=45"}],"curies":[{"name":"wp","href":"https:\/\/api.w.org\/{rel}","templated":true}]}}