{"id":44,"date":"2025-01-11T18:25:07","date_gmt":"2025-01-11T21:25:07","guid":{"rendered":"https:\/\/alanavelar.com\/?page_id=44"},"modified":"2025-01-19T16:17:24","modified_gmt":"2025-01-19T19:17:24","slug":"recruiters","status":"publish","type":"page","link":"https:\/\/alanavelar.com\/en\/recruiters\/","title":{"rendered":"RECRUITERS"},"content":{"rendered":"<p>Hello <strong>recruiter<\/strong>!<\/p>\n\n\n\n<p>This page aims to complement my <strong><a href=\"https:\/\/www.linkedin.com\/in\/alan-avelar\/\">LinkedIn profile<\/a><\/strong>.<\/p>\n\n\n\n<p>While there you will find a <strong>detailed description of my professional experiences<\/strong> and <strong>all the companies I have worked for<\/strong>, here I will provide more details about the technical aspects of my specialties.<\/p>\n\n\n\n<hr class=\"wp-block-separator has-alpha-channel-opacity is-style-dots\"\/>\n\n\n\n<h3 class=\"wp-block-heading\">Power BI \u2b50\u2b50\u2b50\u2b50\u2b50<\/h3>\n\n\n\n<p>I am Microsoft certified <strong>at the highest level (Associate) for Power BI<\/strong>. I have extensive experience in <strong>the deployment, configuration and maintenance of Power BI environments<\/strong>, acting as <strong>Tenant Manager, Capacity Manager and Workspace Manager<\/strong>.<\/p>\n\n\n\n<p>I have successfully implemented Power BI environments <strong>from scratch<\/strong> and supported environments<strong> with over 500 daily active users<\/strong>, managed in capacities <strong>P1\/P2<\/strong>.<\/p>\n\n\n\n<p>I am proficient in <strong>report development <\/strong>and have extensive knowledge to <strong>maximize the use of all the features the tool offers<\/strong>, optimizing the experience and results for users.<\/p>\n\n\n\n<hr class=\"wp-block-separator has-alpha-channel-opacity is-style-dots\"\/>\n\n\n\n<h3 class=\"wp-block-heading\">SQL \u2b50\u2b50\u2b50\u2b50\u2b50<\/h3>\n\n\n\n<p>I am a professional <strong>with extensive experience in SQL<\/strong>, specialized in the development, optimization and maintenance of robust databases. I have expertise in <strong>creation of efficient structures, such as procedures, views and functions<\/strong>, in addition to advanced skills in <strong>optimizing SQL queries for high performance<\/strong>.<\/p>\n\n\n\n<p>I have worked on <strong>large scale projects<\/strong>, managing databases with millions of records and ensuring data integrity and reliability. I have solid experience in <strong>query tuning<\/strong>, <strong>data normalization and modeling<\/strong>, always seeking the efficiency and <strong>scalability of implemented solutions<\/strong>.<\/p>\n\n\n\n<p>I also excel in complex integrations with different systems, using <strong>SQL <\/strong>as a basis for <strong>ETL<\/strong>, data analysis and <strong>supporting strategic decision-making<\/strong>.<\/p>\n\n\n\n<hr class=\"wp-block-separator has-alpha-channel-opacity is-style-dots\"\/>\n\n\n\n<h3 class=\"wp-block-heading\">Data Warehousing \u2b50\u2b50\u2b50\u2b50\u2b50<\/h3>\n\n\n\n<p>I am an expert in <strong>Data Warehousing<\/strong> with extensive experience in <strong>Medallion Architecture<\/strong>, designing and implementing scalable and robust solutions for complex and diverse data environments.<\/p>\n\n\n\n<p>I have expertise in tools and technologies such as <strong>SQL Server<\/strong>, <strong>Redshift<\/strong>, and<strong> Databricks<\/strong>, in addition to advanced skills in <strong>ETL\/ELT<\/strong>, dimensional modeling and modern architectures of <strong>Data Lakehouse architectures<\/strong>.<\/p>\n\n\n\n<p>Additionally, I work to ensure <strong>high governance<\/strong> and <strong>data quality<\/strong>, using modern frameworks for lineage control and security. My approach focuses on delivering solutions that maximize performance and provide a <strong>single source of truth (SSoT)<\/strong> to meet the strategic and operational needs of companies.<\/p>\n\n\n\n<p>I continually seek to explore innovations in <strong>Data Engineering<\/strong> to offer architectures that <strong>balance flexibility, reliability and high performance<\/strong> in distributed data environments.<\/p>\n\n\n\n<hr class=\"wp-block-separator has-alpha-channel-opacity is-style-dots\"\/>\n\n\n\n<h3 class=\"wp-block-heading\">Python \u2b50\u2b50\u2b50<\/h3>\n\n\n\n<p>I have solid experience in Python, with a focus on <strong>data analysis<\/strong> and <strong>process automation<\/strong>. I use libraries like <strong>Pandas<\/strong> and <strong>NumPy<\/strong> for data manipulation and transformation, in addition to <strong>PySpark<\/strong> to handle <strong>big data<\/strong> in distributed environments, ensuring <strong>efficiency and scalability<\/strong> in analysis.<\/p>\n\n\n\n<p>I have developed <strong>automated workflows<\/strong> with tools like <strong>Selenium<\/strong> and <strong>PyAutoGUI<\/strong>, optimizing repetitive tasks and integrating systems in an agile way. I also have knowledge in <strong>data integration<\/strong>, pipeline construction and application of <strong>ETL techniques<\/strong> using the Python ecosystem.<\/p>\n\n\n\n<p>I constantly seek to improve my skills to offer <strong>robust and scalable solutions<\/strong> in data processing and automation.<\/p>\n\n\n\n<hr class=\"wp-block-separator has-alpha-channel-opacity is-style-dots\"\/>\n\n\n\n<h3 class=\"wp-block-heading\">AWS \u2b50\u2b50\u2b50<\/h3>\n\n\n\n<p>I have solid experience with data tools on AWS including <strong>Amazon S3, AWS Glue, AWS Athena and Redshift<\/strong>, used for data storage, processing and analysis.<\/p>\n\n\n\n<p><strong>I have worked on creating data pipelines, integrating AWS Glue to transform and load data into data warehouses in Redshift.<\/strong> I also worked on configuring buckets in Amazon S3 to store structured and semi-structured data, ensuring organization and security.<\/p>\n\n\n\n<p><strong>Additionally, I use SQL queries in Redshift for data analysis and reporting.<\/strong> I am always looking to improve my skills to offer efficient and reliable solutions in <strong>AWS environments<\/strong>.<\/p>","protected":false},"excerpt":{"rendered":"<p>Hello recruiter! This page is intended to complement my LinkedIn profile. While there you&#039;ll find a detailed description of my professional experiences and all the companies I&#039;ve worked for, here I&#039;ll go into more detail about the technical side of each of my specialties. Power BI \u2b50\u2b50\u2b50\u2b50\u2b50 I&#039;m Microsoft certified at the [\u2026]<\/p>","protected":false},"author":1,"featured_media":85,"parent":0,"menu_order":0,"comment_status":"closed","ping_status":"closed","template":"","meta":{"footnotes":""},"class_list":["post-44","page","type-page","status-publish","has-post-thumbnail","hentry"],"yoast_head":"<!-- This site is optimized with the Yoast SEO plugin v24.1 - https:\/\/yoast.com\/wordpress\/plugins\/seo\/ -->\n<title>RECRUTADORES - Alan Avelar<\/title>\n<meta name=\"robots\" content=\"index, follow, max-snippet:-1, max-image-preview:large, max-video-preview:-1\" \/>\n<link rel=\"canonical\" href=\"https:\/\/alanavelar.com\/en\/recruiters\/\" \/>\n<meta property=\"og:locale\" content=\"en_US\" \/>\n<meta property=\"og:type\" content=\"article\" \/>\n<meta property=\"og:title\" content=\"RECRUTADORES - Alan Avelar\" \/>\n<meta property=\"og:description\" content=\"Ol\u00e1 recrutador(a)! Essa p\u00e1gina visa complementar meu perfil do LinkedIn. Enquanto por l\u00e1 voc\u00ea encontrar\u00e1 um descritivo detalhado das minhas experi\u00eancias profissionais e todas as empresas nas quais eu trabalhei, por aqui vou detalhar um pouco mais o lado t\u00e9cnico de cada uma das minhas especialidades. Power BI \u2b50\u2b50\u2b50\u2b50\u2b50 Sou certificado pela Microsoft no n\u00edvel [&hellip;]\" \/>\n<meta property=\"og:url\" content=\"https:\/\/alanavelar.com\/en\/recruiters\/\" \/>\n<meta property=\"og:site_name\" content=\"Alan Avelar\" \/>\n<meta property=\"article:modified_time\" content=\"2025-01-19T19:17:24+00:00\" \/>\n<meta property=\"og:image\" content=\"https:\/\/alanavelar.com\/wp-content\/uploads\/2025\/01\/1715734586221.jpeg\" \/>\n\t<meta property=\"og:image:width\" content=\"800\" \/>\n\t<meta property=\"og:image:height\" content=\"800\" \/>\n\t<meta property=\"og:image:type\" content=\"image\/jpeg\" \/>\n<meta name=\"twitter:card\" content=\"summary_large_image\" \/>\n<meta name=\"twitter:label1\" content=\"Est. reading time\" \/>\n\t<meta name=\"twitter:data1\" content=\"4 minutes\" \/>\n<script type=\"application\/ld+json\" class=\"yoast-schema-graph\">{\"@context\":\"https:\/\/schema.org\",\"@graph\":[{\"@type\":\"WebPage\",\"@id\":\"https:\/\/alanavelar.com\/recruiters\/\",\"url\":\"https:\/\/alanavelar.com\/recruiters\/\",\"name\":\"RECRUTADORES - Alan Avelar\",\"isPartOf\":{\"@id\":\"https:\/\/alanavelar.com\/#website\"},\"primaryImageOfPage\":{\"@id\":\"https:\/\/alanavelar.com\/recruiters\/#primaryimage\"},\"image\":{\"@id\":\"https:\/\/alanavelar.com\/recruiters\/#primaryimage\"},\"thumbnailUrl\":\"https:\/\/alanavelar.com\/wp-content\/uploads\/2025\/01\/IMG_6883-scaled-e1737314232894.jpg\",\"datePublished\":\"2025-01-11T21:25:07+00:00\",\"dateModified\":\"2025-01-19T19:17:24+00:00\",\"breadcrumb\":{\"@id\":\"https:\/\/alanavelar.com\/recruiters\/#breadcrumb\"},\"inLanguage\":\"en-US\",\"potentialAction\":[{\"@type\":\"ReadAction\",\"target\":[\"https:\/\/alanavelar.com\/recruiters\/\"]}]},{\"@type\":\"ImageObject\",\"inLanguage\":\"en-US\",\"@id\":\"https:\/\/alanavelar.com\/recruiters\/#primaryimage\",\"url\":\"https:\/\/alanavelar.com\/wp-content\/uploads\/2025\/01\/IMG_6883-scaled-e1737314232894.jpg\",\"contentUrl\":\"https:\/\/alanavelar.com\/wp-content\/uploads\/2025\/01\/IMG_6883-scaled-e1737314232894.jpg\",\"width\":1707,\"height\":2022},{\"@type\":\"BreadcrumbList\",\"@id\":\"https:\/\/alanavelar.com\/recruiters\/#breadcrumb\",\"itemListElement\":[{\"@type\":\"ListItem\",\"position\":1,\"name\":\"In\u00edcio\",\"item\":\"https:\/\/alanavelar.com\/\"},{\"@type\":\"ListItem\",\"position\":2,\"name\":\"RECRUTADORES\"}]},{\"@type\":\"WebSite\",\"@id\":\"https:\/\/alanavelar.com\/#website\",\"url\":\"https:\/\/alanavelar.com\/\",\"name\":\"Alan Avelar\",\"description\":\"Contribuindo para um mundo com melhores decis\u00f5es.\",\"publisher\":{\"@id\":\"https:\/\/alanavelar.com\/#\/schema\/person\/95f41e6038e1a98ea3c5737e5dae495e\"},\"potentialAction\":[{\"@type\":\"SearchAction\",\"target\":{\"@type\":\"EntryPoint\",\"urlTemplate\":\"https:\/\/alanavelar.com\/?s={search_term_string}\"},\"query-input\":{\"@type\":\"PropertyValueSpecification\",\"valueRequired\":true,\"valueName\":\"search_term_string\"}}],\"inLanguage\":\"en-US\"},{\"@type\":[\"Person\",\"Organization\"],\"@id\":\"https:\/\/alanavelar.com\/#\/schema\/person\/95f41e6038e1a98ea3c5737e5dae495e\",\"name\":\"Alan Avelar\",\"image\":{\"@type\":\"ImageObject\",\"inLanguage\":\"en-US\",\"@id\":\"https:\/\/alanavelar.com\/#\/schema\/person\/image\/\",\"url\":\"https:\/\/alanavelar.com\/wp-content\/uploads\/2024\/12\/cropped-Untitled.png\",\"contentUrl\":\"https:\/\/alanavelar.com\/wp-content\/uploads\/2024\/12\/cropped-Untitled.png\",\"width\":512,\"height\":512,\"caption\":\"Alan Avelar\"},\"logo\":{\"@id\":\"https:\/\/alanavelar.com\/#\/schema\/person\/image\/\"},\"sameAs\":[\"https:\/\/alanavelar.com\",\"instagram.com\/tameimpalan\",\"linkedin.com\/in\/alan-avelar\"]}]}<\/script>\n<!-- \/ Yoast SEO plugin. -->","yoast_head_json":{"title":"RECRUTADORES - Alan Avelar","robots":{"index":"index","follow":"follow","max-snippet":"max-snippet:-1","max-image-preview":"max-image-preview:large","max-video-preview":"max-video-preview:-1"},"canonical":"https:\/\/alanavelar.com\/en\/recruiters\/","og_locale":"en_US","og_type":"article","og_title":"RECRUTADORES - Alan Avelar","og_description":"Ol\u00e1 recrutador(a)! Essa p\u00e1gina visa complementar meu perfil do LinkedIn. Enquanto por l\u00e1 voc\u00ea encontrar\u00e1 um descritivo detalhado das minhas experi\u00eancias profissionais e todas as empresas nas quais eu trabalhei, por aqui vou detalhar um pouco mais o lado t\u00e9cnico de cada uma das minhas especialidades. Power BI \u2b50\u2b50\u2b50\u2b50\u2b50 Sou certificado pela Microsoft no n\u00edvel [&hellip;]","og_url":"https:\/\/alanavelar.com\/en\/recruiters\/","og_site_name":"Alan Avelar","article_modified_time":"2025-01-19T19:17:24+00:00","og_image":[{"width":800,"height":800,"url":"https:\/\/alanavelar.com\/wp-content\/uploads\/2025\/01\/1715734586221.jpeg","type":"image\/jpeg"}],"twitter_card":"summary_large_image","twitter_misc":{"Est. reading time":"4 minutes"},"schema":{"@context":"https:\/\/schema.org","@graph":[{"@type":"WebPage","@id":"https:\/\/alanavelar.com\/recruiters\/","url":"https:\/\/alanavelar.com\/recruiters\/","name":"RECRUTADORES - Alan Avelar","isPartOf":{"@id":"https:\/\/alanavelar.com\/#website"},"primaryImageOfPage":{"@id":"https:\/\/alanavelar.com\/recruiters\/#primaryimage"},"image":{"@id":"https:\/\/alanavelar.com\/recruiters\/#primaryimage"},"thumbnailUrl":"https:\/\/alanavelar.com\/wp-content\/uploads\/2025\/01\/IMG_6883-scaled-e1737314232894.jpg","datePublished":"2025-01-11T21:25:07+00:00","dateModified":"2025-01-19T19:17:24+00:00","breadcrumb":{"@id":"https:\/\/alanavelar.com\/recruiters\/#breadcrumb"},"inLanguage":"en-US","potentialAction":[{"@type":"ReadAction","target":["https:\/\/alanavelar.com\/recruiters\/"]}]},{"@type":"ImageObject","inLanguage":"en-US","@id":"https:\/\/alanavelar.com\/recruiters\/#primaryimage","url":"https:\/\/alanavelar.com\/wp-content\/uploads\/2025\/01\/IMG_6883-scaled-e1737314232894.jpg","contentUrl":"https:\/\/alanavelar.com\/wp-content\/uploads\/2025\/01\/IMG_6883-scaled-e1737314232894.jpg","width":1707,"height":2022},{"@type":"BreadcrumbList","@id":"https:\/\/alanavelar.com\/recruiters\/#breadcrumb","itemListElement":[{"@type":"ListItem","position":1,"name":"In\u00edcio","item":"https:\/\/alanavelar.com\/"},{"@type":"ListItem","position":2,"name":"RECRUTADORES"}]},{"@type":"WebSite","@id":"https:\/\/alanavelar.com\/#website","url":"https:\/\/alanavelar.com\/","name":"Alan Avelar","description":"Contribuindo para um mundo com melhores decis\u00f5es.","publisher":{"@id":"https:\/\/alanavelar.com\/#\/schema\/person\/95f41e6038e1a98ea3c5737e5dae495e"},"potentialAction":[{"@type":"SearchAction","target":{"@type":"EntryPoint","urlTemplate":"https:\/\/alanavelar.com\/?s={search_term_string}"},"query-input":{"@type":"PropertyValueSpecification","valueRequired":true,"valueName":"search_term_string"}}],"inLanguage":"en-US"},{"@type":["Person","Organization"],"@id":"https:\/\/alanavelar.com\/#\/schema\/person\/95f41e6038e1a98ea3c5737e5dae495e","name":"Alan Avelar","image":{"@type":"ImageObject","inLanguage":"en-US","@id":"https:\/\/alanavelar.com\/#\/schema\/person\/image\/","url":"https:\/\/alanavelar.com\/wp-content\/uploads\/2024\/12\/cropped-Untitled.png","contentUrl":"https:\/\/alanavelar.com\/wp-content\/uploads\/2024\/12\/cropped-Untitled.png","width":512,"height":512,"caption":"Alan Avelar"},"logo":{"@id":"https:\/\/alanavelar.com\/#\/schema\/person\/image\/"},"sameAs":["https:\/\/alanavelar.com","instagram.com\/tameimpalan","linkedin.com\/in\/alan-avelar"]}]}},"_links":{"self":[{"href":"https:\/\/alanavelar.com\/en\/wp-json\/wp\/v2\/pages\/44","targetHints":{"allow":["GET"]}}],"collection":[{"href":"https:\/\/alanavelar.com\/en\/wp-json\/wp\/v2\/pages"}],"about":[{"href":"https:\/\/alanavelar.com\/en\/wp-json\/wp\/v2\/types\/page"}],"author":[{"embeddable":true,"href":"https:\/\/alanavelar.com\/en\/wp-json\/wp\/v2\/users\/1"}],"replies":[{"embeddable":true,"href":"https:\/\/alanavelar.com\/en\/wp-json\/wp\/v2\/comments?post=44"}],"version-history":[{"count":4,"href":"https:\/\/alanavelar.com\/en\/wp-json\/wp\/v2\/pages\/44\/revisions"}],"predecessor-version":[{"id":83,"href":"https:\/\/alanavelar.com\/en\/wp-json\/wp\/v2\/pages\/44\/revisions\/83"}],"wp:featuredmedia":[{"embeddable":true,"href":"https:\/\/alanavelar.com\/en\/wp-json\/wp\/v2\/media\/85"}],"wp:attachment":[{"href":"https:\/\/alanavelar.com\/en\/wp-json\/wp\/v2\/media?parent=44"}],"curies":[{"name":"wp","href":"https:\/\/api.w.org\/{rel}","templated":true}]}}